{"id":35,"date":"2016-11-29T01:21:42","date_gmt":"2016-11-29T01:21:42","guid":{"rendered":"https:\/\/oceanwp.org\/stylish\/?page_id=35"},"modified":"2025-04-10T08:13:59","modified_gmt":"2025-04-10T06:13:59","slug":"a-propos","status":"publish","type":"page","link":"http:\/\/assoagath.fr\/index.php\/a-propos\/","title":{"rendered":"Qui sommes-nous?"},"content":{"rendered":"\t\t<div data-elementor-type=\"wp-post\" data-elementor-id=\"35\" class=\"elementor elementor-35\">\n\t\t\t\t<div class=\"elementor-element elementor-element-8a0db33 e-flex e-con-boxed e-con e-parent\" data-id=\"8a0db33\" data-element_type=\"container\">\n\t\t\t\t\t<div class=\"e-con-inner\">\n\t\t\t\t<div class=\"elementor-element elementor-element-74d6911 elementor-widget elementor-widget-image\" data-id=\"74d6911\" data-element_type=\"widget\" data-widget_type=\"image.default\">\n\t\t\t\t<div class=\"elementor-widget-container\">\n\t\t\t<style>\/*! elementor - v3.21.0 - 26-05-2024 *\/\n.elementor-widget-image{text-align:center}.elementor-widget-image a{display:inline-block}.elementor-widget-image a img[src$=\".svg\"]{width:48px}.elementor-widget-image img{vertical-align:middle;display:inline-block}<\/style>\t\t\t\t\t\t\t\t\t\t<img fetchpriority=\"high\" decoding=\"async\" width=\"779\" height=\"320\" src=\"http:\/\/assoagath.fr\/wp-content\/uploads\/2024\/05\/banniere-removebg.png\" class=\"attachment-large size-large wp-image-438\" alt=\"banniere agath\" srcset=\"http:\/\/assoagath.fr\/wp-content\/uploads\/2024\/05\/banniere-removebg.png 779w, http:\/\/assoagath.fr\/wp-content\/uploads\/2024\/05\/banniere-removebg-300x123.png 300w, http:\/\/assoagath.fr\/wp-content\/uploads\/2024\/05\/banniere-removebg-768x315.png 768w\" sizes=\"(max-width: 779px) 100vw, 779px\" \/>\t\t\t\t\t\t\t\t\t\t\t\t\t<\/div>\n\t\t\t\t<\/div>\n\t\t\t\t\t<\/div>\n\t\t\t\t<\/div>\n\t\t<div class=\"elementor-element elementor-element-68f10f3 e-flex e-con-boxed e-con e-parent\" data-id=\"68f10f3\" data-element_type=\"container\">\n\t\t\t\t\t<div class=\"e-con-inner\">\n\t\t\t\t<div class=\"elementor-element elementor-element-0e11ce4 elementor-widget elementor-widget-text-editor\" data-id=\"0e11ce4\" data-element_type=\"widget\" data-widget_type=\"text-editor.default\">\n\t\t\t\t<div class=\"elementor-widget-container\">\n\t\t\t<style>\/*! elementor - v3.21.0 - 26-05-2024 *\/\n.elementor-widget-text-editor.elementor-drop-cap-view-stacked .elementor-drop-cap{background-color:#69727d;color:#fff}.elementor-widget-text-editor.elementor-drop-cap-view-framed .elementor-drop-cap{color:#69727d;border:3px solid;background-color:transparent}.elementor-widget-text-editor:not(.elementor-drop-cap-view-default) .elementor-drop-cap{margin-top:8px}.elementor-widget-text-editor:not(.elementor-drop-cap-view-default) .elementor-drop-cap-letter{width:1em;height:1em}.elementor-widget-text-editor .elementor-drop-cap{float:left;text-align:center;line-height:1;font-size:50px}.elementor-widget-text-editor .elementor-drop-cap-letter{display:inline-block}<\/style>\t\t\t\t<p style=\"text-align: center;\"><span style=\"color: #333399;\"><strong>A<\/strong><\/span>ssociation des usagers des <span style=\"color: #000080;\"><strong>Ga<\/strong><\/span>res de <span style=\"color: #000080;\"><strong>T<\/strong><\/span>enay-<span style=\"color: #000080;\"><strong>H<\/strong><\/span>auteville et Virieu le Grand-Belley<\/p>\t\t\t\t\t\t<\/div>\n\t\t\t\t<\/div>\n\t\t\t\t\t<\/div>\n\t\t\t\t<\/div>\n\t\t<div class=\"elementor-element elementor-element-e487a75 e-flex e-con-boxed e-con e-parent\" data-id=\"e487a75\" data-element_type=\"container\">\n\t\t\t\t\t<div class=\"e-con-inner\">\n\t\t\t\t<div class=\"elementor-element elementor-element-d6a029e elementor-widget elementor-widget-heading\" data-id=\"d6a029e\" data-element_type=\"widget\" data-widget_type=\"heading.default\">\n\t\t\t\t<div class=\"elementor-widget-container\">\n\t\t\t<style>\/*! elementor - v3.21.0 - 26-05-2024 *\/\n.elementor-heading-title{padding:0;margin:0;line-height:1}.elementor-widget-heading .elementor-heading-title[class*=elementor-size-]>a{color:inherit;font-size:inherit;line-height:inherit}.elementor-widget-heading .elementor-heading-title.elementor-size-small{font-size:15px}.elementor-widget-heading .elementor-heading-title.elementor-size-medium{font-size:19px}.elementor-widget-heading .elementor-heading-title.elementor-size-large{font-size:29px}.elementor-widget-heading .elementor-heading-title.elementor-size-xl{font-size:39px}.elementor-widget-heading .elementor-heading-title.elementor-size-xxl{font-size:59px}<\/style><h2 class=\"elementor-heading-title elementor-size-default\">A l'origine<\/h2>\t\t<\/div>\n\t\t\t\t<\/div>\n\t\t\t\t<div class=\"elementor-element elementor-element-b9fc911 elementor-widget elementor-widget-text-editor\" data-id=\"b9fc911\" data-element_type=\"widget\" data-widget_type=\"text-editor.default\">\n\t\t\t\t<div class=\"elementor-widget-container\">\n\t\t\t\t\t\t\t<p style=\"text-align: justify;\">Au tout d\u00e9but, notre groupe d&rsquo;usagers de la ligne Lyon-Gen\u00e8ve aux gares de Tenay et de Virieu le grand-Belley s&rsquo;est solidaris\u00e9 afin de s&rsquo;organiser pendant les gr\u00e8ves du mois de juin 2018.<br \/>Puis, nous avons appris que la SNCF pr\u00e9voyait de supprimer un grand nombre d&rsquo;arr\u00eats dans nos gares.<\/p>\t\t\t\t\t\t<\/div>\n\t\t\t\t<\/div>\n\t\t\t\t<div class=\"elementor-element elementor-element-56917b7 elementor-widget elementor-widget-image\" data-id=\"56917b7\" data-element_type=\"widget\" data-widget_type=\"image.default\">\n\t\t\t\t<div class=\"elementor-widget-container\">\n\t\t\t\t\t\t\t\t\t\t<figure class=\"wp-caption\">\n\t\t\t\t\t\t\t\t\t\t\t<a href=\"http:\/\/assoagath.fr\/wp-content\/uploads\/2024\/05\/crea.png\" data-elementor-open-lightbox=\"yes\" data-elementor-lightbox-title=\"crea\" data-e-action-hash=\"#elementor-action%3Aaction%3Dlightbox%26settings%3DeyJpZCI6ODgzLCJ1cmwiOiJodHRwOlwvXC9hc3NvYWdhdGguZnJcL3dwLWNvbnRlbnRcL3VwbG9hZHNcLzIwMjRcLzA1XC9jcmVhLnBuZyJ9\">\n\t\t\t\t\t\t\t<img decoding=\"async\" width=\"673\" height=\"566\" src=\"http:\/\/assoagath.fr\/wp-content\/uploads\/2024\/05\/crea.png\" class=\"attachment-large size-large wp-image-883\" alt=\"\" srcset=\"http:\/\/assoagath.fr\/wp-content\/uploads\/2024\/05\/crea.png 673w, http:\/\/assoagath.fr\/wp-content\/uploads\/2024\/05\/crea-300x252.png 300w\" sizes=\"(max-width: 673px) 100vw, 673px\" \/>\t\t\t\t\t\t\t\t<\/a>\n\t\t\t\t\t\t\t\t\t\t\t<figcaption class=\"widget-image-caption wp-caption-text\">Cr\u00e9ation de l'association \u00e0 la mairie de Tenay le 14 juin 2018 - Article paru dans \"Le Progres\" Le 20 juin 2018<\/figcaption>\n\t\t\t\t\t\t\t\t\t\t<\/figure>\n\t\t\t\t\t\t\t<\/div>\n\t\t\t\t<\/div>\n\t\t\t\t<div class=\"elementor-element elementor-element-86a715d elementor-widget elementor-widget-heading\" data-id=\"86a715d\" data-element_type=\"widget\" data-widget_type=\"heading.default\">\n\t\t\t\t<div class=\"elementor-widget-container\">\n\t\t\t<h2 class=\"elementor-heading-title elementor-size-default\">Naissance de l'association\n<\/h2>\t\t<\/div>\n\t\t\t\t<\/div>\n\t\t\t\t<div class=\"elementor-element elementor-element-d79037d elementor-widget elementor-widget-text-editor\" data-id=\"d79037d\" data-element_type=\"widget\" data-widget_type=\"text-editor.default\">\n\t\t\t\t<div class=\"elementor-widget-container\">\n\t\t\t\t\t\t\t<p style=\"text-align: justify;\"><span class=\"naissance\">C&rsquo;est le 14 juin 2018<\/span>\u00a0que l&rsquo;association Agath voit le jour dans les locaux de la mairie de Tenay, men\u00e9e par quelques usagers fondateurs. Le but: \u00eatre forts et faire du bruit pour lutter contre la suppression des arr\u00eats de ter dans les gares de Tenay et de Virieu le Grand-Belley.<\/p>\t\t\t\t\t\t<\/div>\n\t\t\t\t<\/div>\n\t\t\t\t<div class=\"elementor-element elementor-element-e4c1516 elementor-widget elementor-widget-heading\" data-id=\"e4c1516\" data-element_type=\"widget\" data-widget_type=\"heading.default\">\n\t\t\t\t<div class=\"elementor-widget-container\">\n\t\t\t<h2 class=\"elementor-heading-title elementor-size-default\">Et ensuite\n<\/h2>\t\t<\/div>\n\t\t\t\t<\/div>\n\t\t\t\t<div class=\"elementor-element elementor-element-f43fd76 elementor-widget elementor-widget-image\" data-id=\"f43fd76\" data-element_type=\"widget\" data-widget_type=\"image.default\">\n\t\t\t\t<div class=\"elementor-widget-container\">\n\t\t\t\t\t\t\t\t\t\t\t\t\t\t<a href=\"http:\/\/assoagath.fr\/wp-content\/uploads\/2025\/04\/02_Des_competiteurs.jpg\" data-elementor-open-lightbox=\"yes\" data-elementor-lightbox-title=\"02_Des_competiteurs\" data-e-action-hash=\"#elementor-action%3Aaction%3Dlightbox%26settings%3DeyJpZCI6MTY2NCwidXJsIjoiaHR0cDpcL1wvYXNzb2FnYXRoLmZyXC93cC1jb250ZW50XC91cGxvYWRzXC8yMDI1XC8wNFwvMDJfRGVzX2NvbXBldGl0ZXVycy5qcGcifQ%3D%3D\">\n\t\t\t\t\t\t\t<img decoding=\"async\" width=\"1024\" height=\"768\" src=\"http:\/\/assoagath.fr\/wp-content\/uploads\/2025\/04\/02_Des_competiteurs-1024x768.jpg\" class=\"attachment-large size-large wp-image-1664\" alt=\"\" srcset=\"http:\/\/assoagath.fr\/wp-content\/uploads\/2025\/04\/02_Des_competiteurs-1024x768.jpg 1024w, http:\/\/assoagath.fr\/wp-content\/uploads\/2025\/04\/02_Des_competiteurs-300x225.jpg 300w, http:\/\/assoagath.fr\/wp-content\/uploads\/2025\/04\/02_Des_competiteurs-768x576.jpg 768w, http:\/\/assoagath.fr\/wp-content\/uploads\/2025\/04\/02_Des_competiteurs-1536x1152.jpg 1536w, http:\/\/assoagath.fr\/wp-content\/uploads\/2025\/04\/02_Des_competiteurs.jpg 1600w\" sizes=\"(max-width: 1024px) 100vw, 1024px\" \/>\t\t\t\t\t\t\t\t<\/a>\n\t\t\t\t\t\t\t\t\t\t\t\t\t<\/div>\n\t\t\t\t<\/div>\n\t\t\t\t<div class=\"elementor-element elementor-element-61bfa8a elementor-widget elementor-widget-text-editor\" data-id=\"61bfa8a\" data-element_type=\"widget\" data-widget_type=\"text-editor.default\">\n\t\t\t\t<div class=\"elementor-widget-container\">\n\t\t\t\t\t\t\t<p style=\"text-align: justify;\">Au cours des diff\u00e9rentes manifestations, l&rsquo;association grandit et acquiert le soutien des \u00e9lus locaux qui ne souhaitent pas voir leur territoire d\u00e9sert\u00e9. Nous finissons ensemble par remporter une premi\u00e8re batalle le 11 octobre 2019 avec l&rsquo;annonce de la restauration de la quasi-totalit\u00e9 des arr\u00eats supprim\u00e9s.<\/p><p style=\"text-align: justify;\">L\u2019ann\u00e9e 2020 aura \u00e9t\u00e9 marqu\u00e9e par de grands bouleversements dans nos habitudes de transport en raison de la crise sanitaire du Covid-19.<\/p><p style=\"text-align: justify;\">Malgr\u00e9 ce contexte et gr\u00e2ce aux \u00e9changes avec le service Transports de la R\u00e9gion, les gares de Tenay-Hauteville et Virieu-le-Grand-Belley r\u00e9cup\u00e8rent progressivement les arr\u00eats et dessertes perdus en 2019. M\u00eame si le retour \u00ab \u00e0 la normale \u00bb n\u2019est pas encore compl\u00e9tement effectif dans le sens Gen\u00e8ve-&gt;Lyon, les dessertes dans le sens Lyon-&gt;Gen\u00e8ve ont \u00e9t\u00e9 r\u00e9tablies \u00e0 presque 100 %. A noter notamment le retour de la desserte d\u2019Amb\u00e9rieu par quasiment tous les trains en provenance ou \u00e0 destination de Gen\u00e8ve, et la quasi-disparition des bus entre Amb\u00e9rieu et Virieu.<\/p><p style=\"text-align: justify;\">Forts de l\u2019exp\u00e9rience acquise collectivement ces derni\u00e8res ann\u00e9es et pour ne pas revivre l\u2019exp\u00e9rience de 2018, AGaTH a propos\u00e9 ses services \u00e0 la R\u00e9gion afin d&rsquo;\u00e9tablir un \u00ab cahier des charges \u00bb des usagers de nos gares.<br \/>Ce document aura aussi pour but de faciliter nos \u00e9changes avec la R\u00e9gion et la SNCF lors des changements d\u2019horaires annuels et d\u2019avoir une politique d\u2019arr\u00eats qui a du sens. AGaTH se mobilise aussi pour d\u00e9fendre les int\u00e9r\u00eats des usagers, notamment pour faire respecter l\u2019application des bons tarifs au d\u00e9part de la gare de Tenay<\/p><p style=\"text-align: justify;\">Nous avons \u00e0 c\u0153ur \u00e9galement de redonner vie \u00e0 nos gares : r\u00e9-ouverture de guichets, de salle d&rsquo;attente, r\u00e9fection des parkings pour Tenay, &#8230; Nous travaillerons avec la R\u00e9gion pour toutes ces am\u00e9liorations.<\/p>\t\t\t\t\t\t<\/div>\n\t\t\t\t<\/div>\n\t\t\t\t\t<\/div>\n\t\t\t\t<\/div>\n\t\t\t\t<\/div>\n\t\t","protected":false},"excerpt":{"rendered":"<p>Association des usagers des Gares de Tenay-Hauteville et Virieu le Grand-Belley A l&rsquo;origine Au tout d\u00e9but, notre groupe d&rsquo;usagers de la ligne Lyon-Gen\u00e8ve aux gares de Tenay et de Virieu le grand-Belley s&rsquo;est solidaris\u00e9 afin de s&rsquo;organiser pendant les gr\u00e8ves du mois de juin 2018.Puis, nous avons appris que la SNCF pr\u00e9voyait de supprimer un [&hellip;]<\/p>\n","protected":false},"author":1,"featured_media":0,"parent":0,"menu_order":0,"comment_status":"closed","ping_status":"closed","template":"","meta":{"ocean_post_layout":"","ocean_both_sidebars_style":"","ocean_both_sidebars_content_width":0,"ocean_both_sidebars_sidebars_width":0,"ocean_sidebar":"","ocean_second_sidebar":"","ocean_disable_margins":"enable","ocean_add_body_class":"","ocean_shortcode_before_top_bar":"","ocean_shortcode_after_top_bar":"","ocean_shortcode_before_header":"","ocean_shortcode_after_header":"","ocean_has_shortcode":"","ocean_shortcode_after_title":"","ocean_shortcode_before_footer_widgets":"","ocean_shortcode_after_footer_widgets":"","ocean_shortcode_before_footer_bottom":"","ocean_shortcode_after_footer_bottom":"","ocean_display_top_bar":"default","ocean_display_header":"default","ocean_header_style":"","ocean_center_header_left_menu":"","ocean_custom_header_template":"","ocean_custom_logo":0,"ocean_custom_retina_logo":0,"ocean_custom_logo_max_width":0,"ocean_custom_logo_tablet_max_width":0,"ocean_custom_logo_mobile_max_width":0,"ocean_custom_logo_max_height":0,"ocean_custom_logo_tablet_max_height":0,"ocean_custom_logo_mobile_max_height":0,"ocean_header_custom_menu":"","ocean_menu_typo_font_family":"","ocean_menu_typo_font_subset":"","ocean_menu_typo_font_size":0,"ocean_menu_typo_font_size_tablet":0,"ocean_menu_typo_font_size_mobile":0,"ocean_menu_typo_font_size_unit":"px","ocean_menu_typo_font_weight":"","ocean_menu_typo_font_weight_tablet":"","ocean_menu_typo_font_weight_mobile":"","ocean_menu_typo_transform":"","ocean_menu_typo_transform_tablet":"","ocean_menu_typo_transform_mobile":"","ocean_menu_typo_line_height":0,"ocean_menu_typo_line_height_tablet":0,"ocean_menu_typo_line_height_mobile":0,"ocean_menu_typo_line_height_unit":"","ocean_menu_typo_spacing":0,"ocean_menu_typo_spacing_tablet":0,"ocean_menu_typo_spacing_mobile":0,"ocean_menu_typo_spacing_unit":"","ocean_menu_link_color":"","ocean_menu_link_color_hover":"","ocean_menu_link_color_active":"","ocean_menu_link_background":"","ocean_menu_link_hover_background":"","ocean_menu_link_active_background":"","ocean_menu_social_links_bg":"","ocean_menu_social_hover_links_bg":"","ocean_menu_social_links_color":"","ocean_menu_social_hover_links_color":"","ocean_disable_title":"default","ocean_disable_heading":"default","ocean_post_title":"","ocean_post_subheading":"","ocean_post_title_style":"","ocean_post_title_background_color":"","ocean_post_title_background":0,"ocean_post_title_bg_image_position":"","ocean_post_title_bg_image_attachment":"","ocean_post_title_bg_image_repeat":"","ocean_post_title_bg_image_size":"","ocean_post_title_height":0,"ocean_post_title_bg_overlay":0.5,"ocean_post_title_bg_overlay_color":"","ocean_disable_breadcrumbs":"default","ocean_breadcrumbs_color":"","ocean_breadcrumbs_separator_color":"","ocean_breadcrumbs_links_color":"","ocean_breadcrumbs_links_hover_color":"","ocean_display_footer_widgets":"default","ocean_display_footer_bottom":"default","ocean_custom_footer_template":"","footnotes":""},"class_list":["post-35","page","type-page","status-publish","hentry","entry"],"_links":{"self":[{"href":"http:\/\/assoagath.fr\/index.php\/wp-json\/wp\/v2\/pages\/35","targetHints":{"allow":["GET"]}}],"collection":[{"href":"http:\/\/assoagath.fr\/index.php\/wp-json\/wp\/v2\/pages"}],"about":[{"href":"http:\/\/assoagath.fr\/index.php\/wp-json\/wp\/v2\/types\/page"}],"author":[{"embeddable":true,"href":"http:\/\/assoagath.fr\/index.php\/wp-json\/wp\/v2\/users\/1"}],"replies":[{"embeddable":true,"href":"http:\/\/assoagath.fr\/index.php\/wp-json\/wp\/v2\/comments?post=35"}],"version-history":[{"count":34,"href":"http:\/\/assoagath.fr\/index.php\/wp-json\/wp\/v2\/pages\/35\/revisions"}],"predecessor-version":[{"id":1691,"href":"http:\/\/assoagath.fr\/index.php\/wp-json\/wp\/v2\/pages\/35\/revisions\/1691"}],"wp:attachment":[{"href":"http:\/\/assoagath.fr\/index.php\/wp-json\/wp\/v2\/media?parent=35"}],"curies":[{"name":"wp","href":"https:\/\/api.w.org\/{rel}","templated":true}]}}